{"id":3,"date":"2025-01-28T18:32:14","date_gmt":"2025-01-28T17:32:14","guid":{"rendered":"https:\/\/wordpress2403321.home.pl\/test01\/?page_id=3"},"modified":"2025-01-29T06:15:13","modified_gmt":"2025-01-29T05:15:13","slug":"polityka-prywatnosci","status":"publish","type":"page","link":"https:\/\/profireteam.org\/index.php\/polityka-prywatnosci\/","title":{"rendered":"Polityka prywatno\u015bci Fundacji ProFire Team"},"content":{"rendered":"\t\t<div data-elementor-type=\"wp-page\" data-elementor-id=\"3\" class=\"elementor elementor-3\">\n\t\t\t\t<div class=\"elementor-element elementor-element-9e4a3f8 e-flex e-con-boxed e-con e-parent\" data-id=\"9e4a3f8\" data-element_type=\"container\">\n\t\t\t\t\t<div class=\"e-con-inner\">\n\t\t\t\t<div class=\"elementor-element elementor-element-328e9f5 elementor-widget elementor-widget-text-editor\" data-id=\"328e9f5\" data-element_type=\"widget\" data-widget_type=\"text-editor.default\">\n\t\t\t\t<div class=\"elementor-widget-container\">\n\t\t\t\t\t\t\t\t\t<p><\/p>\n<p><strong>Niniejsza Polityka dotyczy gromadzenia, przechowywania i przetwarzania danych osobowych u\u017cytkownik\u00f3w, a tak\u017ce wykorzystywania plik\u00f3w \u201eCookies\u201d na stronie Fundacji ProFire Team (\u201eStrona\u201d).<\/strong> <strong>W Polityce Prywatno\u015bci zosta\u0142 okre\u015blony zakres i cel przetwarzania danych osobowych os\u00f3b odwiedzaj\u0105cych strony internetowe Administratora, darczy\u0144c\u00f3w, interesant\u00f3w.<\/strong><\/p>\n<h2 class=\"wp-block-heading\"><strong>Administrator Danych Osobowych<\/strong><\/h2>\n<p>Administratorem danych osobowych jest Fundacja ProFire Team (dalej: \u201eADMINISTRATOR\u201d), z siedzib\u0105: ul. Chabrowa 58, 05-084 Pow\u0105zki. Z Administratorem mo\u017cna si\u0119 kontaktowa\u0107 pisemnie, za pomoc\u0105 poczty tradycyjnej na adres ul. Chabrowa 58, 05-084 Pow\u0105zki lub drog\u0105 e-mailow\u0105 pod adresem: <a href=\"mailto:fundacja@profireteam.org\">fundacja@profireteam.org<\/a>.<\/p>\n<h2 class=\"wp-block-heading\"><strong>Inspektor Ochrony Danych<\/strong><\/h2>\n<p>Administrator nie wyznaczy\u0142 Inspektora Ochrony Danych.<\/p>\n<h2 class=\"wp-block-heading\"><strong>Podstawa prawna<\/strong><\/h2>\n<p>Dane osobowe s\u0105 przetwarzane na podstawie Rozporz\u0105dzenia Parlamentu Europejskiego i Rady (UE) 2016\/679 z dnia 27 kwietnia 2016 r. w\u00a0sprawie ochrony os\u00f3b fizycznych w zwi\u0105zku z przetwarzaniem danych osobowych i w sprawie swobodnego przep\u0142ywu takich danych oraz uchylenia dyrektywy 95\/46\/WE (og\u00f3lne rozporz\u0105dzenie o\u00a0ochronie danych).<\/p>\n<h2>Jakie dane pozyskujemy oraz na jakich zasadach je wykorzystujemy?<\/h2>\n<p>Wykorzystujemy Twoje dane osobowe, kt\u00f3re poda\u0142a\u015b\/e\u015b kontaktuj\u0105c si\u0119 z nami (w szczeg\u00f3lno\u015bci imi\u0119, nazwisko, adres e-mail oraz inne dane, kt\u00f3re poda\u0142a\u015b\/e\u015b w tre\u015bci wiadomo\u015bci). Podanie tych danych osobowych jest konieczne, aby m\u00f3c nawi\u0105za\u0107 kontakt.<\/p>\n<p>Wykorzystujemy ww. dane osobowe w celu udzielenia odpowiedzi na przes\u0142ane przez Ciebie zapytanie. Dzia\u0142amy w oparciu o nasz uzasadniony interes, polegaj\u0105cy na zapewnieniu kontaktu \u2013 art. 6 ust.1 lit. f RODO. Dane osobowe b\u0119d\u0105 przetwarzane przez Administratora przez okres 5 lat, a nast\u0119pnie niezb\u0119dno\u015b\u0107 danych zostanie poddana weryfikacji i ewentualnemu usuni\u0119ciu.<\/p>\n<p>Dane nie pochodz\u0105 od stron trzecich.<\/p>\n<p>Administrator nie przekazuje danych do pa\u0144stw trzecich.<\/p>\n<p>Administrator nie przewiduje zautomatyzowanego podejmowania decyzji.<\/p>\n<h3 class=\"wp-block-heading\"><strong>Kontakty s\u0142u\u017cbowe<\/strong><\/h3>\n<p>Przetwarzanie danych osobowych odbywa si\u0119 w celu wymiany danych osobowych w ramach kontakt\u00f3w s\u0142u\u017cbowych. Dzia\u0142amy w oparciu o nasz prawnie uzasadniony interes \u2013 art. 6 ust. 1 lit. f RODO. Dane osobowe mog\u0105 pochodzi\u0107 od stron trzecich m.in.: pracownik\u00f3w, wsp\u00f3\u0142pracownik\u00f3w, kontrahent\u00f3w, klient\u00f3w, urz\u0119dnik\u00f3w, w zwi\u0105zku z prowadzon\u0105 dzia\u0142alno\u015bci\u0105. Dane osobowe b\u0119d\u0105 przetwarzane bezterminowo.<\/p>\n<p>Administrator nie przekazuje danych do pa\u0144stw trzecich.<\/p>\n<p>Administrator nie przewiduje zautomatyzowanego podejmowania decyzji.<\/p>\n<h3 class=\"wp-block-heading\"><strong>Faktury<\/strong><\/h3>\n<p>Przetwarzanie danych osobowych odbywa si\u0119 w celu wystawienia faktury oraz p\u0142atno\u015bci \u2013 art. 6 ust. 1 lit. b RODO, rozliczenia faktury \u2013 art. 6 ust. 1 lit. c RODO \u2013 zgodnie z ustaw\u0105 z dnia 29 wrze\u015bnia 1994 r. o rachunkowo\u015bci. Dane osobowe b\u0119d\u0105 przetwarzane przez Administratora przez 5 lat licz\u0105c od pocz\u0105tku roku nast\u0119puj\u0105cego po roku, w kt\u00f3rym wystawiono dokumenty ksi\u0119gowe.<\/p>\n<p>Dane nie pochodz\u0105 od stron trzecich.<\/p>\n<p>Administrator nie przekazuje danych do pa\u0144stw trzecich.<\/p>\n<p>Administrator nie przewiduje zautomatyzowanego podejmowania decyzji.<\/p>\n<h3 class=\"wp-block-heading\"><strong>Przyciski portali spo\u0142eczno\u015bciowych<\/strong><\/h3>\n<p>Zamieszczaj\u0105c na naszej stronie internetowej przycisk portalu spo\u0142eczno\u015bciowego (Facebook, LinkedIn) dajemy operatorom tych portali sposobno\u015b\u0107 do zbierania danych osobowych u\u017cytkownik\u00f3w naszych stron i ich dalszego przetwarzania w okre\u015blonych przez tych operator\u00f3w celach. Czynimy to w dwojaki spos\u00f3b:<\/p>\n<p>\u2022 Po pierwsze, odsy\u0142amy Ci\u0119 za pomoc\u0105 przycisku na stron\u0119 internetow\u0105 odpowiedniego portalu spo\u0142eczno\u015bciowego, na kt\u00f3rej mo\u017cesz polubi\u0107 lub obserwowa\u0107 nasz fanpage, jak r\u00f3wnie\u017c poleci\u0107 go swoim znajomym; Twoja aktywno\u015b\u0107 na portalach spo\u0142eczno\u015bciowych jest \u015bledzona przez operator\u00f3w tych portali, a zabrane w ten spos\u00f3b dane s\u0105 przez nich wykorzystywane m.in. do cel\u00f3w marketingu behawioralnego; dotyczy to jedynie u\u017cytkownik\u00f3w naszych stron b\u0119d\u0105cych subskrybentami us\u0142ug portali spo\u0142eczno\u015bciowych;<\/p>\n<p>\u2022 Po drugie, umo\u017cliwiamy operatorom portali spo\u0142eczno\u015bciowych umieszczenie na Twoim urz\u0105dzeniu plik\u00f3w cookies, dzi\u0119ki kt\u00f3rym mog\u0105 \u015bledzi\u0107 Twoj\u0105 aktywno\u015b\u0107 na r\u00f3\u017cnych stronach internetowych; zebrane w ten spos\u00f3b dane s\u0105 przez nich wykorzystywane m.in. do cel\u00f3w marketingu behawioralnego; dotyczy to wszystkich u\u017cytkownik\u00f3w naszych stron bez wzgl\u0119du na to, czy s\u0105 subskrybentami us\u0142ug portali spo\u0142eczno\u015bciowych; Celem zamieszczenia przez nas na stronach internetowych przycisk\u00f3w portali spo\u0142eczno\u015bciowych jest zwi\u0119kszenie atrakcyjno\u015bci tych stron.<\/p>\n<p>Dzia\u0142amy w oparciu o nasz uzasadniony interes (podstawa prawna wykorzystania danych przewidziana w art. 6 ust. 1 lit. f RODO), polegaj\u0105cy na promocji i popularyzacji dzia\u0142alno\u015bci Administratora.<\/p>\n<p>W zwi\u0105zku z realizacj\u0105 opisanych powy\u017cej cel\u00f3w nie przechowujemy danych o charakterze osobowym. Takie dane mog\u0105 jednak przechowywa\u0107 \u2013 ze wzgl\u0119du na okre\u015blone przez siebie samodzielnie cele \u2013 operatorzy portali spo\u0142eczno\u015bciowych. Pozostaje to jednak poza jakimikolwiek naszymi uzgodnieniami z tymi operatorami.<\/p>\n<h3 class=\"wp-block-heading\"><strong>Prowadzenie fanpage\u2019y na portalach spo\u0142eczno\u015bciowych<\/strong><\/h3>\n<p>Wykorzystujemy Twoje dane osobowe zbierane w zwi\u0105zku z odwiedzinami utworzonych przez nas naszego fanpage\u2019a na portalu spo\u0142eczno\u015bciowym (Facebook, LinkedIn, Instagram) i aktywno\u015bci\u0105 podejmowan\u0105 na forum tego fanpage\u2019a, w tym informacje o obserwowaniu i polubieniu fanpage\u2019a, zamieszczeniu post\u00f3w, zamieszczeniu komentarzy pod publikowanymi na fan page\u2019u tre\u015bciami, reakcjach na publikowane na fan page\u2019u tre\u015bci oraz o dzieleniu si\u0119 z innymi u\u017cytkownikami publikowanymi na fan page\u2019u tre\u015bciami itp.). Informacje te, zgodnie ze specyfik\u0105 dzia\u0142ania portali spo\u0142eczno\u015bciowych, s\u0105 jawne dla wszystkich lub niekt\u00f3rych pozosta\u0142ych u\u017cytkownik\u00f3w tych portali. Wykorzystujemy Twoje dane osobowe w celu prowadzenia fanpage\u2019a, w tym w celu opracowania atrakcyjnych tre\u015bci oraz ich udost\u0119pnienia u\u017cytkownikom portali spo\u0142eczno\u015bciach.<\/p>\n<p>Dzia\u0142amy w oparciu o niezb\u0119dno\u015b\u0107 wykorzystania danych do wykonania umowy o \u015bwiadczenie us\u0142ugi drog\u0105 elektroniczn\u0105. Podstawa prawna wykorzystania danych przewidziana w art. 6 ust. 1 lit. b RODO.<\/p>\n<h3 class=\"wp-block-heading\"><strong>Darowizny<\/strong><\/h3>\n<p>Wykorzystujemy Twoje dane osobowe, kt\u00f3re poda\u0142a\u015b\/e\u015b w formularzu p\u0142atno\u015bci lub w przelewie (w\u00a0szczeg\u00f3lno\u015bci imi\u0119, nazwisko, adres, adres e-mail, numer konta bankowego). Podanie danych osobowych jest konieczne, aby m\u00f3c wesprze\u0107 nasz\u0105 dzia\u0142alno\u015b\u0107. Wykorzystujemy ww. dane osobowe w celu umo\u017cliwienia dokonania i obs\u0142ugi przekazania darowizny na rzecz Administratora, a tak\u017ce przes\u0142ania Ci podzi\u0119kowania za udzielone wsparcie. Podstaw\u0105 prawn\u0105 naszego dzia\u0142ania jest art. 6 ust. 1 lit. b RODO. Ponadto wykorzystujemy ww. dane osobowe w celu wystawienia dowod\u00f3w ksi\u0119gowych dokumentuj\u0105cych darowizny. Dzia\u0142amy w oparciu o ci\u0105\u017c\u0105cy na nas obowi\u0105zek prawny \u2013 art. 6 ust. 1 lit. c RODO. Dane osobowe w tym celu przetwarzamy przez okres 5 lat od rozliczenia darowizny.<\/p>\n<p>Wykorzystujemy Twoje dane osobowe obejmuj\u0105ce adres e-mail oraz adres, w celu przes\u0142ania Ci podzi\u0119kowania za wsparcie, a tak\u017ce przes\u0142ania informacji o naszych dzia\u0142aniach, kt\u00f3re zosta\u0142y sfinansowane z Twojego wsparcia. Dzia\u0142amy w oparciu o nasz prawnie uzasadniony interes \u2013 art. 6 ust. 1 lit. f RODO. Dane osobowe przetwarzamy w tym celu przez rok od wsparcia naszych dzia\u0142a\u0144 lub do wcze\u015bniejszego skutecznego sprzeciwu wobec przetwarzania.<\/p>\n<p>Dane nie pochodz\u0105 od stron trzecich.<\/p>\n<p>Administrator nie przekazuje danych do pa\u0144stw trzecich.<\/p>\n<p>Administrator nie przewiduje zautomatyzowanego podejmowania decyzji.<\/p>\n<h3 class=\"wp-block-heading\"><strong>Administrowanie serwerem i statystyka korzystania z zasob\u00f3w naszych stron<\/strong><\/h3>\n<p>Wykorzystujemy Twoje dane osobowe dotycz\u0105ce Twojej aktywno\u015bci na naszych stronach, obejmuj\u0105ce tre\u015b\u0107 zapyta\u0144 HTTP kierowanych do naszego serwera przez Twoje urz\u0105dzenie (adres URL, adres IP, typ przegl\u0105darki, system operacyjny, j\u0119zyk przegl\u0105darki, dat\u0119 i godzin\u0119 \u017c\u0105dania, identyfikator pliku cookie, przegl\u0105dane zasoby strony). Zbierane w ten spos\u00f3b dane s\u0105 zapisywane w logach serwera.<\/p>\n<h3 class=\"wp-block-heading\"><strong>Pliki Cookies<\/strong><\/h3>\n<p>Pliki cookies to dane informatyczne, w szczeg\u00f3lno\u015bci pliki tekstowe, przechowywane w urz\u0105dzeniach ko\u0144cowych u\u017cytkownik\u00f3w, przeznaczone do korzystania ze stron internetowych. Cookies identyfikuje U\u017cytkownika, co pozwala na dopasowanie tre\u015bci witryny, z kt\u00f3rej korzysta, do jego potrzeb. Zapami\u0119tuj\u0105c jego preferencje, umo\u017cliwia odpowiednie dopasowanie skierowanych do niego tre\u015bci,<br \/>w tym reklam. Administrator Danych Osobowych stosuje Cookies, aby zagwarantowa\u0107 odpowiedni standard wygody Serwisu, a zebrane dane s\u0105 wykorzystywane jedynie wewn\u0105trz firmy w celu optymalizacji dzia\u0142a\u0144.<\/p>\n<p>Cookies wykorzystywane s\u0105 w celu:<\/p>\n<ol class=\"wp-block-list\" type=\"1\">\n<li>dostosowania zawarto\u015bci Serwisu do preferencji U\u017cytkownika;<\/li>\n<li>optymalizacji korzystania z Serwisu, w szczeg\u00f3lno\u015bci poprzez rozpoznawanie urz\u0105dzenia ko\u0144cowego U\u017cytkownika,<\/li>\n<li>tworzenia statystyk,<\/li>\n<li>utrzymania sesji U\u017cytkownika,<\/li>\n<li>dostarczania U\u017cytkownikowi tre\u015bci reklamowych.<\/li>\n<\/ol>\n<p>Zebrane dane s\u0142u\u017c\u0105 do monitorowania i sprawdzenia, w jaki spos\u00f3b U\u017cytkownicy korzystaj\u0105 z Serwisu,<br \/>aby usprawnia\u0107 funkcjonowanie Serwisu zapewniaj\u0105c bardziej efektywn\u0105 i bezproblemow\u0105 nawigacj\u0119.<\/p>\n<p>Nale\u017cy pami\u0119ta\u0107, \u017ce w niekt\u00f3rych przypadkach, niezale\u017cnych od W\u0142a\u015bciciela, oprogramowanie zainstalowane przez U\u017cytkownika na urz\u0105dzeniu ko\u0144cowym, s\u0142u\u017c\u0105ce do przegl\u0105dania stron internetowych (np. przegl\u0105darka internetowa) wprowadza domy\u015blne przechowywanie Cookies w urz\u0105dzeniu ko\u0144cowym U\u017cytkownika. U\u017cytkownicy mog\u0105 dokona\u0107 w ka\u017cdym czasie zmiany ustawie\u0144 dotycz\u0105cych Cookies. Ustawienia te mog\u0105 zosta\u0107 zmienione mi\u0119dzy innymi w taki spos\u00f3b, aby blokowa\u0107 automatyczn\u0105 ustawienia Cookies b\u0105d\u017a informowa\u0107 o ich ka\u017cdorazowym zamieszczeniu w urz\u0105dzeniu ko\u0144cowym U\u017cytkownika. Informacje szczeg\u00f3\u0142owe w tym zakresie dost\u0119pne s\u0105 w ustawieniach i instrukcjach dotycz\u0105cych oprogramowania (przegl\u0105darki internetowej).<\/p>\n<p>U\u017cytkownik w ka\u017cdej chwili ma mo\u017cliwo\u015b\u0107 wy\u0142\u0105czenia lub przywr\u00f3cenia opcji gromadzenia cookies poprzez zmian\u0119 ustawie\u0144 w przegl\u0105darce internetowej.<\/p>\n<p>Zmiana ustawie\u0144 stanowi wyra\u017cenie sprzeciwu, kt\u00f3ry w przysz\u0142o\u015bci mo\u017ce spowodowa\u0107 utrudnienia<br \/>w korzystaniu z Serwisu. Ca\u0142kowite wy\u0142\u0105czenie opcji przyjmowania Cookies nie b\u0119dzie oznacza\u0107 braku mo\u017cliwo\u015bci przegl\u0105dania tre\u015bci zamieszczanych w Serwisie z zastrze\u017ceniem tych, do kt\u00f3rych dost\u0119p wymaga logowania.<\/p>\n<p>Niedokonanie zmiany ustawie\u0144 oznacza, \u017ce dane b\u0119d\u0105 zamieszczone w urz\u0105dzeniu ko\u0144cowym U\u017cytkownika (korzystanie z Serwisu b\u0119dzie powodowa\u0107 automatyczne zamieszczanie Cookies w urz\u0105dzeniu ko\u0144cowym U\u017cytkownika).<\/p>\n<p>Przechowywane dane zamieszczone w urz\u0105dzeniu ko\u0144cowym U\u017cytkownika nie powoduj\u0105 zmian konfiguracyjnych w urz\u0105dzeniu ko\u0144cowym U\u017cytkownika lub oprogramowaniu zainstalowanym w tym urz\u0105dzeniu.<\/p>\n<p>Informacje dotycz\u0105ce Cookies maj\u0105 zastosowanie r\u00f3wnie\u017c do innych podobnych technologii stosowanych w ramach Serwisu.<\/p>\n<h3><strong>Podmioty, kt\u00f3rym ujawniamy Twoje dane osobowe<\/strong><\/h3>\n<p>Nasza strona internetowa zawiera odno\u015bniki do innych stron www. Nie mo\u017cemy ponosi\u0107 odpowiedzialno\u015bci za zasady zachowania prywatno\u015bci obowi\u0105zuj\u0105ce na tych stronach. Namawiamy, by po przej\u015bciu na inne strony, zapozna\u0107 si\u0119 z polityka prywatno\u015bci tam ustalon\u0105. Niniejsza Polityka dotyczy tylko strony internetowej prowadzonej przez Fundacj\u0119 ProFire Team.<\/p>\n<p>Ujawniamy Twoje dane osobowe: nazwa serwera na kt\u00f3rym b\u0119dzie strona www, Microsoft Corporation.<\/p>\n<p>Ponadto dane osobowe mog\u0105 zosta\u0107 ujawnione organom publicznym na podstawie przepis\u00f3w prawa oraz podmiotom z nami wsp\u00f3\u0142pracuj\u0105cym na podstawie zawartych um\u00f3w powierzenia przetwarzania danych osobowych.<\/p>\n<h2 class=\"wp-block-heading\"><strong>Twoje prawa<\/strong><\/h2>\n<p>W zwi\u0105zku z wykorzystywaniem przez nas Twoich danych osobowych mo\u017cesz domaga\u0107 si\u0119 od nas:<\/p>\n<ul class=\"wp-block-list\">\n<li>dost\u0119pu do swoich danych osobowych, uzyskania potwierdzenia, czy Twoje dane osobowe s\u0105 wykorzystywane, uzyskania kopii swoich danych osobowych oraz do uzyskania informacji zwi\u0105zanych z wykorzystaniem tych danych (art. 15 RODO),<\/li>\n<li>kopii swoich danych osobowych, kt\u00f3rych sam nam dostarczy\u0142e\u015b\/dostarczy\u0142a\u015b, i przekazania tej kopii b\u0105d\u017a Tobie samemu\/samej, b\u0105d\u017a wskazanemu przez Ciebie pomiotowi w powszechnie u\u017cywanym, mo\u017cliwym do odczytu komputerowego formacie (art. 20 RODO),<\/li>\n<li>sprostowania swoich danych osobowych, gdy s\u0105 niekompletne lub nieprawid\u0142owe (art. 16 RODO),<\/li>\n<li>usuni\u0119cia wszystkich lub niekt\u00f3rych swoich danych osobowych (art. 17 RODO), je\u017celi odpad\u0142 celu lub podstawa prawna wykorzystywania tych danych, np. wobec cofni\u0119cia zgody lub zg\u0142oszenia zasadnego sprzeciwu albo je\u017celi dane osobowe by\u0142y wykorzystywane niezgodnie z prawem,<\/li>\n<li>ograniczenia wykorzystania Twoich danych osobowych (art. 18 RODO) na czas niezb\u0119dny do rozstrzygni\u0119cia o zasadno\u015bci \u017c\u0105dania usuni\u0119cia lub sprostowania tych danych albo do rozstrzygni\u0119cia o zasadno\u015bci zg\u0142oszonego przez Ciebie sprzeciwu lub na czas niezb\u0119dny do ustalenia, dochodzenia lub obrony przez Ciebie roszcze\u0144;<\/li>\n<\/ul>\n<p>Mo\u017cesz wnie\u015b\u0107 sprzeciw wobec wykorzystania Twoich danych osobowych w oparciu o nasz prawnie uzasadniony interes (art. 21 RODO). Na skutek wniesionego sprzeciwu rozwa\u017cymy, czy z przyczyn zwi\u0105zanych z Twoj\u0105 szczeg\u00f3ln\u0105 sytuacj\u0105 Twoje prawa i wolno\u015bci maj\u0105 pierwsze\u0144stwo przed wzgl\u0119dami ochrony poufno\u015bci przetwarzanych przez nas danych osobowych.<\/p>\n<p>Mo\u017cesz w dowolnym momencie wycofa\u0107 udzielon\u0105 zgod\u0119 na wykorzystanie Twoich danych osobowych (art. 7 RODO). Cofni\u0119cie zgody pozostaje bez wp\u0142ywu na zgodno\u015b\u0107 z prawem ich wykorzystywania na podstawie zgody przed jej cofni\u0119ciem.<\/p>\n<p>Masz prawo do wniesienia skargi w zwi\u0105zku z wykorzystywaniem Twoich danych do Prezesa Urz\u0119du Ochrony Danych Osobowych ul. Stawki 2, 00-193 Warszawa. Skarg\u0119 mo\u017cesz wnie\u015b\u0107 w formie elektronicznej, w formie pisemnej albo ustnie do protoko\u0142u w siedzibie Prezesa Urz\u0119du.<\/p>\n<h2 class=\"wp-block-heading\">\u00a0<strong>Zmiany w Polityce Prywatno\u015bci<\/strong><\/h2>\n<p>Stosownie do potrzeb mo\u017cemy zmienia\u0107 i uzupe\u0142nia\u0107 Polityk\u0119 Prywatno\u015bci. O wszelkich zmianach lub uzupe\u0142nieniach poinformujemy Ci\u0119 poprzez zamieszczenie odpowiednich informacji na naszych stronach, a w przypadku istotnych zmian poinformujemy Ci\u0119 bezpo\u015brednio na wskazany adres e-mail.<\/p>\t\t\t\t\t\t\t\t<\/div>\n\t\t\t\t<\/div>\n\t\t\t\t\t<\/div>\n\t\t\t\t<\/div>\n\t\t\t\t<\/div>\n\t\t","protected":false},"excerpt":{"rendered":"<p>Niniejsza Polityka dotyczy gromadzenia, przechowywania i przetwarzania danych osobowych u\u017cytkownik\u00f3w, a tak\u017ce wykorzystywania plik\u00f3w \u201eCookies\u201d na stronie Fundacji ProFire Team (\u201eStrona\u201d). W Polityce Prywatno\u015bci zosta\u0142 okre\u015blony zakres i cel przetwarzania danych osobowych os\u00f3b odwiedzaj\u0105cych strony internetowe Administratora, darczy\u0144c\u00f3w, interesant\u00f3w. Administrator Danych Osobowych Administratorem danych osobowych jest Fundacja ProFire Team (dalej: \u201eADMINISTRATOR\u201d), z siedzib\u0105: ul. Chabrowa [&hellip;]<\/p>\n","protected":false},"author":1,"featured_media":0,"parent":0,"menu_order":0,"comment_status":"closed","ping_status":"open","template":"","meta":{"footnotes":""},"class_list":["post-3","page","type-page","status-publish","hentry"],"_links":{"self":[{"href":"https:\/\/profireteam.org\/index.php\/wp-json\/wp\/v2\/pages\/3","targetHints":{"allow":["GET"]}}],"collection":[{"href":"https:\/\/profireteam.org\/index.php\/wp-json\/wp\/v2\/pages"}],"about":[{"href":"https:\/\/profireteam.org\/index.php\/wp-json\/wp\/v2\/types\/page"}],"author":[{"embeddable":true,"href":"https:\/\/profireteam.org\/index.php\/wp-json\/wp\/v2\/users\/1"}],"replies":[{"embeddable":true,"href":"https:\/\/profireteam.org\/index.php\/wp-json\/wp\/v2\/comments?post=3"}],"version-history":[{"count":6,"href":"https:\/\/profireteam.org\/index.php\/wp-json\/wp\/v2\/pages\/3\/revisions"}],"predecessor-version":[{"id":164,"href":"https:\/\/profireteam.org\/index.php\/wp-json\/wp\/v2\/pages\/3\/revisions\/164"}],"wp:attachment":[{"href":"https:\/\/profireteam.org\/index.php\/wp-json\/wp\/v2\/media?parent=3"}],"curies":[{"name":"wp","href":"https:\/\/api.w.org\/{rel}","templated":true}]}}